{"id":169,"date":"2018-05-31T18:45:38","date_gmt":"2018-05-31T16:45:38","guid":{"rendered":"https:\/\/www.studioakos.ch\/?page_id=169"},"modified":"2018-05-31T19:09:18","modified_gmt":"2018-05-31T17:09:18","slug":"datenschutzerklaerung","status":"publish","type":"page","link":"https:\/\/www.studioakos.ch\/en\/datenschutzerklaerung\/","title":{"rendered":"Datenschutzerkl\u00e4rung"},"content":{"rendered":"<h2>Grundlegendes<\/h2>\n<p>Diese Datenschutzerkl\u00e4rung soll die Nutzer dieser Website \u00fcber die Art, den Umfang und den Zweck der Erhebung und Verwendung personenbezogener Daten durch die Websitebetreiberin Regula Akos, Spalentorweg 11, 4051 Basel, informieren.<\/p>\n<p>Die Websitebetreiberin nimmt Ihren Datenschutz sehr ernst und behandelt Ihre personenbezogenen Daten vertraulich und entsprechend der gesetzlichen Vorschriften. Da durch neue Technologien und die st\u00e4ndige Weiterentwicklung dieser Webseite \u00c4nderungen an dieser Datenschutzerkl\u00e4rung vorgenommen werden k\u00f6nnen, empfehlen wir Ihnen sich die Datenschutzerkl\u00e4rung in regelm\u00e4\u00dfigen Abst\u00e4nden wieder durchzulesen.<\/p>\n<p>Definitionen der verwendeten Begriffe (z.B. \u00abpersonenbezogene Daten\u00bb oder \u00abVerarbeitung\u00bb) finden Sie in Art. 4 DSGVO.<\/p>\n<h2>Zugriffsdaten<\/h2>\n<p>Der Hostingprovider dieser Webseite erhebt und speichert automatisch Informationen in so genannten Server-Log-Files, die Ihr Browser automatisch \u00fcbermittelt. Folgende Daten werden so protokolliert:<\/p>\n<ul>\n<li>Besuchte Website<\/li>\n<li>Uhrzeit zum Zeitpunkt des Zugriffes<\/li>\n<li>Menge der gesendeten Daten in Byte<\/li>\n<li>Quelle\/Verweis, von welchem Sie auf die Seite gelangten<\/li>\n<li>Verwendeter Browser<\/li>\n<li>Verwendetes Betriebssystem<\/li>\n<li>Verwendete IP-Adresse<\/li>\n<\/ul>\n<p>Diese Daten sind nicht bestimmten Personen zuordenbar. Die Server-Log-Files werden f\u00fcr maximal 7 Tage gespeichert und anschlie\u00dfend gel\u00f6scht. Die Speicherung der Daten erfolgt aus Sicherheitsgr\u00fcnden, um z. B. Missbrauchsf\u00e4lle aufkl\u00e4ren zu k\u00f6nnen. M\u00fcssen Daten aus Beweisgr\u00fcnden aufgehoben werden, sind sie solange von der L\u00f6schung ausgenommen bis der Vorfall endg\u00fcltig gekl\u00e4rt ist.<\/p>\n<h2>Cookies<\/h2>\n<p>Diese Website verwendet Cookies. Cookies richten auf Ihrem Rechner weder Schaden an, noch enthalten sie Viren. Das Anlegen eines Cookies ist eine M\u00f6glichkeit zur Zwischenspeicherung von Daten und dient dazu, mein Angebot nutzerfreundlicher, effektiver und sicherer zu machen. Cookies sind kleine Textdateien, die auf Ihrem Computer abgelegt und von Ihrem Browser gespeichert werden. Die am h\u00e4ufigsten verwendeten Cookies sind so genannte \u00abSession-Cookies\u00bb, welche eine beschr\u00e4nkte Lebensdauer haben. Sie werden nach Ende Ihres Besuchs automatisch gel\u00f6scht. Andere Cookies bleiben auf Ihrem Endger\u00e4t gespeichert, bis Sie diese l\u00f6schen. Diese Cookies erm\u00f6glichen es, Sie als Besucher beim n\u00e4chsten Besuch wiederzuerkennen und Ihnen damit ein besseres Besuchererlebnis zu bieten. Sie k\u00f6nnen Ihren Browser so einstellen, dass Sie \u00fcber das Setzen von Cookies informiert werden. Sie k\u00f6nnen Cookies auch spezifisch nur in Einzelf\u00e4llen erlauben oder auch generell ausschliessen. Auch k\u00f6nnen Sie einstellen, dass Cookies automatisch beim Schliessen des Browserfensters gel\u00f6scht werden. Wenn Sie Cookies deaktivieren, kann die Funktionalit\u00e4t dieser Webseite eingeschr\u00e4nkt sein.<\/p>\n<h2>Plugins und Tools<\/h2>\n<p><strong>Google Maps<\/strong><br \/>\nDer Kartendienst \u00abGoogle Maps\u00bb des Anbieters Google LLC, 1600 Amphitheatre Parkway, Mountain View, CA 94043, USA, ist in dieser Website eingebunden. Diese Einbindung hat zur Folge, dass im Hintergrund Daten zu Trackingzwecken ausgetauscht werden. Wenn Sie keine Daten von sich preisgeben m\u00f6chten, <a href=\"https:\/\/adssettings.google.com\/authenticated\" target=\"_blank\" rel=\"noopener\">loggen Sie sich bitte aus<\/a> Ihrem Google Konto aus oder verwenden Sie ein Plugin wie <a href=\"https:\/\/www.ghostery.com\/de\/\" target=\"_blank\" rel=\"noopener\">Ghostery<\/a>, um den Datenaustausch zu blockieren. <a href=\"https:\/\/www.google.com\/policies\/privacy\/\" target=\"_blank\" rel=\"noopener\">Hier finden Sie die Google Datenschutzerkl\u00e4rung.<\/a><\/p>\n<p><strong>Google Web Fonts<\/strong><br \/>\nDiese Website nutzt zur einheitlichen Darstellung von Schriftarten so genannte Web Fonts, die von Google bereitgestellt werden. Beim Aufruf einer Seite l\u00e4dt Ihr Browser die ben\u00f6tigten Web Fonts in ihren Browsercache, um Texte und Schriftarten korrekt anzuzeigen.<\/p>\n<p>Zu diesem Zweck muss der von Ihnen verwendete Browser Verbindung zu den Servern von Google aufnehmen. Hierdurch erlangt Google Kenntnis dar\u00fcber, dass \u00fcber Ihre IP-Adresse unsere Website aufgerufen wurde. Die Nutzung von Google Web Fonts erfolgt im Interesse einer einheitlichen und ansprechenden Darstellung meiner Online-Angebote. Dies stellt ein berechtigtes Interesse im Sinne von Art. 6 Abs. 1 lit. f DSGVO dar.<\/p>\n<p>Wenn Ihr Browser Web Fonts nicht unterst\u00fctzt, wird eine Standardschrift von Ihrem Computer genutzt. Weitere Informationen zu Google Web Fonts finden Sie unter <a href=\"https:\/\/developers.google.com\/fonts\/faq\" target=\"_blank\" rel=\"noopener\">https:\/\/developers.google.com\/fonts\/faq<\/a> und in der Datenschutzerkl\u00e4rung von Google: <a href=\"https:\/\/www.google.com\/policies\/privacy\/\" target=\"_blank\" rel=\"noopener\">https:\/\/www.google.com\/policies\/privacy\/<\/a>.<\/p>\n<h2>Rechte des Nutzers<\/h2>\n<p>Sie haben als Nutzer das Recht, auf Antrag eine kostenlose Auskunft dar\u00fcber zu erhalten, welche personenbezogenen Daten \u00fcber Sie gespeichert wurden. Sie haben ausserdem das Recht auf Berichtigung falscher Daten und auf die Verarbeitungseinschr\u00e4nkung oder L\u00f6schung Ihrer personenbezogenen Daten. Falls zutreffend, k\u00f6nnen Sie auch Ihr Recht auf Datenportabilit\u00e4t geltend machen.<\/p>\n<p><strong>L\u00f6schung von Daten<\/strong><br \/>\nSofern Ihr Wunsch nicht mit einer gesetzlichen Pflicht zur Aufbewahrung von Daten (z. B. Vorratsdatenspeicherung) kollidiert, haben Sie ein Anrecht auf L\u00f6schung Ihrer Daten. Die  gespeicherten Daten werden, sollten sie f\u00fcr ihre Zweckbestimmung nicht mehr vonn\u00f6ten sein und es keine gesetzlichen Aufbewahrungsfristen geben, gel\u00f6scht. Falls eine L\u00f6schung nicht durchgef\u00fchrt werden kann, da die Daten f\u00fcr zul\u00e4ssige gesetzliche Zwecke erforderlich sind, erfolgt eine Einschr\u00e4nkung der Datenverarbeitung. In diesem Fall werden die Daten gesperrt und nicht f\u00fcr andere Zwecke verarbeitet.<\/p>\n<p><strong>Widerspruchsrecht<\/strong><br \/>\nNutzer dieser Webseite k\u00f6nnen von ihrem Widerspruchsrecht Gebrauch machen und der Verarbeitung ihrer personenbezogenen Daten zu jeder Zeit widersprechen.<\/p>\n<p>Wenn Sie eine Berichtigung, Sperrung, L\u00f6schung oder Auskunft \u00fcber die zu Ihrer Person gespeicherten personenbezogenen Daten w\u00fcnschen oder Fragen bzgl. der Erhebung, Verarbeitung oder Verwendung Ihrer personenbezogenen Daten haben oder erteilte Einwilligungen widerrufen m\u00f6chten, wenden Sie sich bitte an folgende E-Mail-Adresse: <a href=\"&#109;&#97;&#105;&#108;&#116;&#111;&#58;&#102;&#105;&#116;&#64;&#115;&#116;&#117;&#100;&#105;&#111;&#97;&#107;&#111;&#115;&#46;&#99;&#104;\">&#102;&#105;&#116;&#64;&#115;&#116;&#117;&#100;&#105;&#111;&#97;&#107;&#111;&#115;&#46;&#99;&#104;<\/a><\/p>\n","protected":false},"excerpt":{"rendered":"<p>Grundlegendes Diese Datenschutzerkl\u00e4rung soll die Nutzer dieser Website \u00fcber die Art, den Umfang und den Zweck der Erhebung und Verwendung personenbezogener Daten durch die Websitebetreiberin Regula Akos, Spalentorweg 11, 4051 Basel, informieren. Die Websitebetreiberin nimmt Ihren Datenschutz sehr ernst und behandelt Ihre personenbezogenen Daten vertraulich und entsprechend der gesetzlichen Vorschriften. Da durch neue Technologien und [&hellip;]<\/p>\n","protected":false},"author":1,"featured_media":0,"parent":0,"menu_order":0,"comment_status":"closed","ping_status":"closed","template":"","meta":{"_acf_changed":false,"footnotes":""},"acf":[],"_links":{"self":[{"href":"https:\/\/www.studioakos.ch\/en\/wp-json\/wp\/v2\/pages\/169"}],"collection":[{"href":"https:\/\/www.studioakos.ch\/en\/wp-json\/wp\/v2\/pages"}],"about":[{"href":"https:\/\/www.studioakos.ch\/en\/wp-json\/wp\/v2\/types\/page"}],"author":[{"embeddable":true,"href":"https:\/\/www.studioakos.ch\/en\/wp-json\/wp\/v2\/users\/1"}],"replies":[{"embeddable":true,"href":"https:\/\/www.studioakos.ch\/en\/wp-json\/wp\/v2\/comments?post=169"}],"version-history":[{"count":11,"href":"https:\/\/www.studioakos.ch\/en\/wp-json\/wp\/v2\/pages\/169\/revisions"}],"predecessor-version":[{"id":182,"href":"https:\/\/www.studioakos.ch\/en\/wp-json\/wp\/v2\/pages\/169\/revisions\/182"}],"wp:attachment":[{"href":"https:\/\/www.studioakos.ch\/en\/wp-json\/wp\/v2\/media?parent=169"}],"curies":[{"name":"wp","href":"https:\/\/api.w.org\/{rel}","templated":true}]}}